{"id":11,"date":"2020-07-20T12:10:42","date_gmt":"2020-07-20T12:10:42","guid":{"rendered":"http:\/\/iot.btshub.lu\/?page_id=11"},"modified":"2020-07-22T14:23:34","modified_gmt":"2020-07-22T13:23:34","slug":"contenus-des-enseignements","status":"publish","type":"page","link":"https:\/\/iot.btshub.lu\/contenus-des-enseignements\/","title":{"rendered":"Contenus des enseignements"},"content":{"rendered":"<p class=\"Text\">Vu le caract\u00e8re pluridisciplinaire de la formation, le d\u00e9tenteur d&#8217;un BTS-IoT aura trait\u00e9 les domaines suivants :<\/p>\n<ul>\n<li class=\"Liste\">\u00c9lectrotechnique\n<ul>\n<li class=\"Liste\">fondements de l&#8217;\u00e9lectroniques digitale,<\/li>\n<li>syst\u00e8me de micro-contr\u00f4leurs,<\/li>\n<li>capteurs et interfaces,<\/li>\n<li>syst\u00e8mes de bus,<\/li>\n<li>cr\u00e9ation de circuit \u00e9lectriques.<\/li>\n<\/ul>\n<\/li>\n<li class=\"Liste\">Informatique\n<ul>\n<li class=\"Liste\">programmation de micro-contr\u00f4leurs,<\/li>\n<li>r\u00e9seaux informatiques,<\/li>\n<li>gestion de donn\u00e9es,<\/li>\n<li>syst\u00e8me d&#8217;exploitation Linux.<\/li>\n<\/ul>\n<\/li>\n<li class=\"Liste\">M\u00e9canique\n<ul>\n<li class=\"Liste\">fondementsde la m\u00e9canique,<\/li>\n<li>introduction \u00e0 CAD.<\/li>\n<\/ul>\n<\/li>\n<li class=\"Liste\">Artistique\n<ul>\n<li class=\"Liste\">conception de produits industriels.<\/li>\n<\/ul>\n<\/li>\n<li class=\"Liste\">Communication professionnelle\n<ul>\n<li class=\"Liste\">utilisation appropri\u00e9e des applications bureautiques,<\/li>\n<li class=\"Liste\">communication anglaise et fran\u00e7aise\/allemande,<\/li>\n<li>initiation \u00e0 l&#8217;entrepreneuriat<\/li>\n<\/ul>\n<\/li>\n<\/ul>\n<p class=\"Text\">Chaque module contient des contenus th\u00e9oriques qui seront appliqu\u00e9s \u00e0 des situations r\u00e9elles. Ces exercices\/travaux pratiques serviront \u00e0 consolider les savoirs et \u00e0 acqu\u00e9rir des pratiques importantes pour l&#8217;utilisation et la configuration du mat\u00e9riel et des logiciels.<\/p>\n<p class=\"Text\">Le poids de la formation est mis en grande partie sur la pratique tandis que la partie th\u00e9orique est r\u00e9duite \u00e0 un strict minimum n\u00e9cessaire. Les \u00e9tudiants sont pouss\u00e9s durant toute leur formation \u00e0 se procurer les informations dont ils ont besoin et \u00e0 les analyser pour en extraire les savoirs n\u00e9cessaires afin de pouvoir r\u00e9soudre les probl\u00e8mes rencontr\u00e9s. Ceci est une partie importante pour le d\u00e9veloppement professionnel ult\u00e9rieur \u00e0 la formation du BTS-IoT.<\/p>\n<p class=\"Text\">La formation du BTS-IoT se termine par un stage en milieu professionnel de 12 semaines.<\/p>\n","protected":false},"excerpt":{"rendered":"<p>Vu le caract\u00e8re pluridisciplinaire de la formation, le d\u00e9tenteur d&#8217;un BTS-IoT aura trait\u00e9 les domaines suivants : \u00c9lectrotechnique fondements de l&#8217;\u00e9lectroniques digitale, syst\u00e8me de micro-contr\u00f4leurs, capteurs et interfaces, syst\u00e8mes de bus, cr\u00e9ation de circuit \u00e9lectriques. Informatique programmation de micro-contr\u00f4leurs, r\u00e9seaux&#8230; <a class=\"direadmore\" href=\"https:\/\/iot.btshub.lu\/contenus-des-enseignements\/\"> Continue Reading&#8230;<\/a><\/p>\n","protected":false},"author":2,"featured_media":0,"parent":0,"menu_order":0,"comment_status":"closed","ping_status":"closed","template":"","meta":{"footnotes":""},"class_list":["post-11","page","type-page","status-publish","hentry"],"_links":{"self":[{"href":"https:\/\/iot.btshub.lu\/wp-json\/wp\/v2\/pages\/11","targetHints":{"allow":["GET"]}}],"collection":[{"href":"https:\/\/iot.btshub.lu\/wp-json\/wp\/v2\/pages"}],"about":[{"href":"https:\/\/iot.btshub.lu\/wp-json\/wp\/v2\/types\/page"}],"author":[{"embeddable":true,"href":"https:\/\/iot.btshub.lu\/wp-json\/wp\/v2\/users\/2"}],"replies":[{"embeddable":true,"href":"https:\/\/iot.btshub.lu\/wp-json\/wp\/v2\/comments?post=11"}],"version-history":[{"count":3,"href":"https:\/\/iot.btshub.lu\/wp-json\/wp\/v2\/pages\/11\/revisions"}],"predecessor-version":[{"id":110,"href":"https:\/\/iot.btshub.lu\/wp-json\/wp\/v2\/pages\/11\/revisions\/110"}],"wp:attachment":[{"href":"https:\/\/iot.btshub.lu\/wp-json\/wp\/v2\/media?parent=11"}],"curies":[{"name":"wp","href":"https:\/\/api.w.org\/{rel}","templated":true}]}}