{"id":13,"date":"2020-07-20T12:11:21","date_gmt":"2020-07-20T12:11:21","guid":{"rendered":"http:\/\/iot.btshub.lu\/?page_id=13"},"modified":"2020-07-20T12:11:21","modified_gmt":"2020-07-20T12:11:21","slug":"debouches","status":"publish","type":"page","link":"https:\/\/iot.btshub.lu\/debouches\/","title":{"rendered":"D\u00e9bouch\u00e9s"},"content":{"rendered":"<p class=\"Text\">Les d\u00e9tenteurs du dipl\u00f4me BTS Internet of Things, une fois exp\u00e9riment\u00e9s, seront aptes \u00e0 occuper des emplois types aussi divers que\u00a0:<\/p>\n<ul>\n<li class=\"Liste\">IoT Product Designer\n<p class=\"Gray\"><em>D\u00e9veloppement et mise en production de dispositifs IoT.<\/em><\/p>\n<\/li>\n<\/ul>\n<ul>\n<li class=\"Liste\">IoT Manager\n<p class=\"Gray\"><em>Gestionnaire \/ superviseur de syst\u00e8mes IoT.<\/em><\/p>\n<\/li>\n<\/ul>\n<ul>\n<li class=\"Liste\">IoT System Developper\n<p class=\"Gray\"><em>D\u00e9veloppeur de syst\u00e8me IoT en coop\u00e9ration avec des personnes poss\u00e9dant d&#8217;autres dipl\u00f4mes (informatique, \u00e9lectrotechnique, \u2026).<\/em><\/p>\n<\/li>\n<\/ul>\n<ul>\n<li class=\"Liste\">IoT System Maintainer\n<p class=\"Gray\"><em>Maintenance de syst\u00e8me IoT.<\/em><\/p>\n<\/li>\n<\/ul>\n<ul>\n<li class=\"Liste\">IoT System Tester\n<p class=\"Gray\"><em>Testeur de syst\u00e8me IoT. Ceci pourrait se faire aussi bien au niveau mat\u00e9riel qu&#8217;au niveau logiciel.<\/em><\/p>\n<\/li>\n<\/ul>\n<ul>\n<li class=\"Liste\">&#8230;<\/li>\n<\/ul>\n","protected":false},"excerpt":{"rendered":"<p>Les d\u00e9tenteurs du dipl\u00f4me BTS Internet of Things, une fois exp\u00e9riment\u00e9s, seront aptes \u00e0 occuper des emplois types aussi divers que\u00a0: IoT Product Designer D\u00e9veloppement et mise en production de dispositifs IoT. IoT Manager Gestionnaire \/ superviseur de syst\u00e8mes IoT&#8230;. <a class=\"direadmore\" href=\"https:\/\/iot.btshub.lu\/debouches\/\"> Continue Reading&#8230;<\/a><\/p>\n","protected":false},"author":2,"featured_media":0,"parent":0,"menu_order":0,"comment_status":"closed","ping_status":"closed","template":"","meta":{"footnotes":""},"class_list":["post-13","page","type-page","status-publish","hentry"],"_links":{"self":[{"href":"https:\/\/iot.btshub.lu\/wp-json\/wp\/v2\/pages\/13","targetHints":{"allow":["GET"]}}],"collection":[{"href":"https:\/\/iot.btshub.lu\/wp-json\/wp\/v2\/pages"}],"about":[{"href":"https:\/\/iot.btshub.lu\/wp-json\/wp\/v2\/types\/page"}],"author":[{"embeddable":true,"href":"https:\/\/iot.btshub.lu\/wp-json\/wp\/v2\/users\/2"}],"replies":[{"embeddable":true,"href":"https:\/\/iot.btshub.lu\/wp-json\/wp\/v2\/comments?post=13"}],"version-history":[{"count":1,"href":"https:\/\/iot.btshub.lu\/wp-json\/wp\/v2\/pages\/13\/revisions"}],"predecessor-version":[{"id":14,"href":"https:\/\/iot.btshub.lu\/wp-json\/wp\/v2\/pages\/13\/revisions\/14"}],"wp:attachment":[{"href":"https:\/\/iot.btshub.lu\/wp-json\/wp\/v2\/media?parent=13"}],"curies":[{"name":"wp","href":"https:\/\/api.w.org\/{rel}","templated":true}]}}