{"id":15,"date":"2020-07-20T12:12:29","date_gmt":"2020-07-20T12:12:29","guid":{"rendered":"http:\/\/iot.btshub.lu\/?page_id=15"},"modified":"2023-03-06T17:31:12","modified_gmt":"2023-03-06T16:31:12","slug":"examen-dadmission","status":"publish","type":"page","link":"https:\/\/iot.btshub.lu\/examen-dadmission\/","title":{"rendered":"Examen d&#8217;admission"},"content":{"rendered":"<h2 class=\"Heading_3\">Calendrier<\/h2>\n<p class=\"Text\">L&#8217;\u00e9preuve \u00ab programmation de base \u00bb aura lieu dans la matin\u00e9e du premier jours d&#8217;examen, tandis que l&#8217;\u00e9preuve \u00ab compr\u00e9hension d&#8217;un article provenant d&#8217;un magazine technique du domaine de l&#8217;informatique \u00bb avec entretien de motivation aura lieu l&#8217;apr\u00e8s-midi. Les horaires exacts seront communiqu\u00e9s en temps utile aux candidats int\u00e9ress\u00e9s. La date de l&#8217;examen d&#8217;admission se trouve sur la page des <a href=\"http:\/\/iot.btshub.lu\/date-importantes\/\">dates importantes<\/a>..<\/p>\n<h2 class=\"Heading_3\">Description<\/h2>\n<p class=\"Text\">L&#8217;examen concours sert \u00e0 tester si le candidat poss\u00e8de les connaissances requises pour la formation. Il comporte les \u00e9preuves suivantes\u00a0:<\/p>\n<ul>\n<li>Une <a href=\"https:\/\/in.btshub.lu\/?page_id=89\">\u00e9preuve \u00e9crite<\/a> \u00ab Problem Solving \u00bb visant \u00e0 mesurer les connaissances math\u00e9matiques, algorithmiques et les comp\u00e9tences de planification, de pens\u00e9e logique ainsi que de r\u00e9solution de probl\u00e8me.<\/li>\n<li class=\"Liste\">Une \u00e9preuve \u00e9crite visant \u00e0 mesurer les connaissances de base en \u00e9lectrotechnique des candidats.<\/li>\n<li>Un entretien de motivation visera \u00e0 v\u00e9rifier l\u2019int\u00e9r\u00eat du candidat pour la formation et les aptitudes basiques n\u00e9cessaires pour exercer la future profession. L\u2019entretien se fait selon les r\u00e8gles d\u2019un entretien d\u2019embauche. Cet entretien sera tenu en anglais pour assurer que l\u2019\u00e9l\u00e8ve poss\u00e8de un niveau d\u2019anglais adapt\u00e9 pour participer au curriculum.<\/li>\n<\/ul>\n<p class=\"Text\">Les d\u00e9cisions et r\u00e9sultats sont communiqu\u00e9 aux \u00e9tudiants par email. Aucune d\u00e9cision et aucun r\u00e9sultat ne sera communiqu\u00e9 via t\u00e9l\u00e9phone ou publi\u00e9 sur le site internet.<\/p>\n<p class=\"Text\">Les d\u00e9cisions de la commission ad-hoc sont sans recours sauf ceux pr\u00e9vus \u00e0 l\u2019article 2 de la loi du 7 novembre 1996 portant organisation des juridictions de l\u2019ordre administratif. Dans le cas o\u00f9 le nombre de candidats d\u00e9passe le nombre de places disponible de la formation, l&#8217;examen d&#8217;admission servira d&#8217;examen concours.<\/p>\n","protected":false},"excerpt":{"rendered":"<p>Calendrier L&#8217;\u00e9preuve \u00ab programmation de base \u00bb aura lieu dans la matin\u00e9e du premier jours d&#8217;examen, tandis que l&#8217;\u00e9preuve \u00ab compr\u00e9hension d&#8217;un article provenant d&#8217;un magazine technique du domaine de l&#8217;informatique \u00bb avec entretien de motivation aura lieu l&#8217;apr\u00e8s-midi. Les&#8230; <a class=\"direadmore\" href=\"https:\/\/iot.btshub.lu\/examen-dadmission\/\"> Continue Reading&#8230;<\/a><\/p>\n","protected":false},"author":2,"featured_media":0,"parent":0,"menu_order":0,"comment_status":"closed","ping_status":"closed","template":"","meta":{"footnotes":""},"class_list":["post-15","page","type-page","status-publish","hentry"],"_links":{"self":[{"href":"https:\/\/iot.btshub.lu\/wp-json\/wp\/v2\/pages\/15","targetHints":{"allow":["GET"]}}],"collection":[{"href":"https:\/\/iot.btshub.lu\/wp-json\/wp\/v2\/pages"}],"about":[{"href":"https:\/\/iot.btshub.lu\/wp-json\/wp\/v2\/types\/page"}],"author":[{"embeddable":true,"href":"https:\/\/iot.btshub.lu\/wp-json\/wp\/v2\/users\/2"}],"replies":[{"embeddable":true,"href":"https:\/\/iot.btshub.lu\/wp-json\/wp\/v2\/comments?post=15"}],"version-history":[{"count":4,"href":"https:\/\/iot.btshub.lu\/wp-json\/wp\/v2\/pages\/15\/revisions"}],"predecessor-version":[{"id":158,"href":"https:\/\/iot.btshub.lu\/wp-json\/wp\/v2\/pages\/15\/revisions\/158"}],"wp:attachment":[{"href":"https:\/\/iot.btshub.lu\/wp-json\/wp\/v2\/media?parent=15"}],"curies":[{"name":"wp","href":"https:\/\/api.w.org\/{rel}","templated":true}]}}