{"id":22,"date":"2020-07-20T12:17:14","date_gmt":"2020-07-20T12:17:14","guid":{"rendered":"http:\/\/iot.btshub.lu\/?page_id=22"},"modified":"2020-07-20T12:17:14","modified_gmt":"2020-07-20T12:17:14","slug":"finalites-de-la-formation","status":"publish","type":"page","link":"https:\/\/iot.btshub.lu\/finalites-de-la-formation\/","title":{"rendered":"Finalit\u00e9s de la formation"},"content":{"rendered":"<p class=\"Text\">Le d\u00e9tenteur d&#8217;un BTS IoT peut avoir des activit\u00e9s tr\u00e8s diversifi\u00e9es. Voici une liste non exhaustive de quelques activit\u00e9s :<\/p>\n<ul>\n<li class=\"Liste\">programmation de micro-contr\u00f4leur,<\/li>\n<li class=\"Liste\">cr\u00e9ation d&#8217;objets connect\u00e9s,<\/li>\n<li class=\"Liste\">impl\u00e9mentation d&#8217;une solution IoT,<\/li>\n<li class=\"Liste\">analyse et gestion de donn\u00e9es,<\/li>\n<li class=\"Liste\">mise en oeuvre de r\u00e8gles de s\u00e9curit\u00e9,<\/li>\n<li class=\"Liste\">travail autonome ou en \u00e9quipe,<\/li>\n<li class=\"Liste\">documentation de projet,<\/li>\n<li class=\"Liste\">&#8230;<\/li>\n<\/ul>\n","protected":false},"excerpt":{"rendered":"<p>Le d\u00e9tenteur d&#8217;un BTS IoT peut avoir des activit\u00e9s tr\u00e8s diversifi\u00e9es. Voici une liste non exhaustive de quelques activit\u00e9s : programmation de micro-contr\u00f4leur, cr\u00e9ation d&#8217;objets connect\u00e9s, impl\u00e9mentation d&#8217;une solution IoT, analyse et gestion de donn\u00e9es, mise en oeuvre de r\u00e8gles&#8230; <a class=\"direadmore\" href=\"https:\/\/iot.btshub.lu\/finalites-de-la-formation\/\"> Continue Reading&#8230;<\/a><\/p>\n","protected":false},"author":2,"featured_media":0,"parent":0,"menu_order":0,"comment_status":"closed","ping_status":"closed","template":"","meta":{"footnotes":""},"class_list":["post-22","page","type-page","status-publish","hentry"],"_links":{"self":[{"href":"https:\/\/iot.btshub.lu\/wp-json\/wp\/v2\/pages\/22","targetHints":{"allow":["GET"]}}],"collection":[{"href":"https:\/\/iot.btshub.lu\/wp-json\/wp\/v2\/pages"}],"about":[{"href":"https:\/\/iot.btshub.lu\/wp-json\/wp\/v2\/types\/page"}],"author":[{"embeddable":true,"href":"https:\/\/iot.btshub.lu\/wp-json\/wp\/v2\/users\/2"}],"replies":[{"embeddable":true,"href":"https:\/\/iot.btshub.lu\/wp-json\/wp\/v2\/comments?post=22"}],"version-history":[{"count":1,"href":"https:\/\/iot.btshub.lu\/wp-json\/wp\/v2\/pages\/22\/revisions"}],"predecessor-version":[{"id":23,"href":"https:\/\/iot.btshub.lu\/wp-json\/wp\/v2\/pages\/22\/revisions\/23"}],"wp:attachment":[{"href":"https:\/\/iot.btshub.lu\/wp-json\/wp\/v2\/media?parent=22"}],"curies":[{"name":"wp","href":"https:\/\/api.w.org\/{rel}","templated":true}]}}