{"id":26,"date":"2020-07-20T12:18:06","date_gmt":"2020-07-20T12:18:06","guid":{"rendered":"http:\/\/iot.btshub.lu\/?page_id=26"},"modified":"2021-04-21T17:08:59","modified_gmt":"2021-04-21T16:08:59","slug":"liens-contacts","status":"publish","type":"page","link":"https:\/\/iot.btshub.lu\/liens-contacts\/","title":{"rendered":"Liens \/ Contacts"},"content":{"rendered":"<p class=\"Heading_1\">Informations suppl\u00e9mentaires<\/p>\n<p class=\"Text\">=&gt; <strong>L.A.M.<\/strong><\/p>\n<p class=\"Text\">Lyc\u00e9e des Arts et M\u00e9tiers<br \/>\n19, rue Guillaume Schneider<br \/>\nL-2522 Luxembourg<br \/>\nT\u00e9l\u00e9phone +352 46 76 16 &#8211; 1<br \/>\nFax +352 47 29 91<br \/>\n<a href=\"http:\/\/www.artsetmetiers.lu\" target=\"_blank\" rel=\"noopener noreferrer\">http:\/\/www.artsetmetiers.lu<\/a><br \/>\n<a href=\"http:\/\/btshub.lu\" target=\"_blank\" rel=\"noopener noreferrer\">http:\/\/btshub.lu<\/a><br \/>\nE-Mail: <a href=\"mailto:info@bts-iot.lu\">info@bts-iot.lu<\/a><\/p>\n<p class=\"Text\">=&gt;\u00a0<strong>Minist\u00e8re de l&#8217;Enseignement sup\u00e9rieur et de la Recherche<\/strong><\/p>\n<p class=\"Text\">18-20, Mont\u00e9e de la P\u00e9trusse<br \/>\nL-2327 Luxembourg<br \/>\nT\u00e9l\u00e9phone +352 247 86619<br \/>\nFax +352 26 29 60 37<br \/>\n<a href=\"http:\/\/www.mesr.public.lu\" target=\"_blank\" rel=\"noopener noreferrer\">http:\/\/www.mesr.public.lu<\/a><br \/>\nE-Mail: guy.loos@mesr.etat.lu<\/p>\n<p class=\"Text\">=&gt; <strong>C.E.D.I.E.S.<\/strong><\/p>\n<p class=\"Text\">Centre de Documentation et d\u2018Information<br \/>\nsur l\u2018Enseignement Sup\u00e9rieur<br \/>\n18-20, Mont\u00e9e de la P\u00e9trusse<br \/>\nL-2327 Luxembourg<br \/>\nT\u00e9l\u00e9phone +352 247 88650<br \/>\nFax +352 26 19 01 04<br \/>\n<a href=\"http:\/\/www.cedies.public.lu\/\" target=\"_blank\" rel=\"noopener noreferrer\">http:\/\/www.cedies.public.lu\/<\/a><br \/>\nE-Mail: etudes@mesr.etat.lu<\/p>\n<p>&nbsp;<\/p>\n","protected":false},"excerpt":{"rendered":"<p>Informations suppl\u00e9mentaires =&gt; L.A.M. Lyc\u00e9e des Arts et M\u00e9tiers 19, rue Guillaume Schneider L-2522 Luxembourg T\u00e9l\u00e9phone +352 46 76 16 &#8211; 1 Fax +352 47 29 91 http:\/\/www.artsetmetiers.lu http:\/\/btshub.lu E-Mail: info@bts-iot.lu =&gt;\u00a0Minist\u00e8re de l&#8217;Enseignement sup\u00e9rieur et de la Recherche 18-20,&#8230; <a class=\"direadmore\" href=\"https:\/\/iot.btshub.lu\/liens-contacts\/\"> Continue Reading&#8230;<\/a><\/p>\n","protected":false},"author":2,"featured_media":0,"parent":0,"menu_order":0,"comment_status":"closed","ping_status":"closed","template":"","meta":{"footnotes":""},"class_list":["post-26","page","type-page","status-publish","hentry"],"_links":{"self":[{"href":"https:\/\/iot.btshub.lu\/wp-json\/wp\/v2\/pages\/26","targetHints":{"allow":["GET"]}}],"collection":[{"href":"https:\/\/iot.btshub.lu\/wp-json\/wp\/v2\/pages"}],"about":[{"href":"https:\/\/iot.btshub.lu\/wp-json\/wp\/v2\/types\/page"}],"author":[{"embeddable":true,"href":"https:\/\/iot.btshub.lu\/wp-json\/wp\/v2\/users\/2"}],"replies":[{"embeddable":true,"href":"https:\/\/iot.btshub.lu\/wp-json\/wp\/v2\/comments?post=26"}],"version-history":[{"count":2,"href":"https:\/\/iot.btshub.lu\/wp-json\/wp\/v2\/pages\/26\/revisions"}],"predecessor-version":[{"id":137,"href":"https:\/\/iot.btshub.lu\/wp-json\/wp\/v2\/pages\/26\/revisions\/137"}],"wp:attachment":[{"href":"https:\/\/iot.btshub.lu\/wp-json\/wp\/v2\/media?parent=26"}],"curies":[{"name":"wp","href":"https:\/\/api.w.org\/{rel}","templated":true}]}}