{"id":28,"date":"2020-07-20T12:19:27","date_gmt":"2020-07-20T12:19:27","guid":{"rendered":"http:\/\/iot.btshub.lu\/?page_id=28"},"modified":"2023-03-06T17:20:30","modified_gmt":"2023-03-06T16:20:30","slug":"admissions","status":"publish","type":"page","link":"https:\/\/iot.btshub.lu\/admissions\/","title":{"rendered":"Modalit\u00e9s d\u2019inscription"},"content":{"rendered":"<h2 class=\"Text\">Inscription<\/h2>\n<p class=\"Text\">Afin de vous informer sur la proc\u00e9dure d&#8217;inscription, veuillez consulter la page <a href=\"https:\/\/btshub.lu\/?page_id=22\">inscription<\/a> sur btshub.lu.<\/p>\n<p>La proc\u00e9dure relative \u00e0 l&#8217;examen d&#8217;admission pour la pr\u00e9sente formation BTS est d\u00e9taill\u00e9e dans <a href=\"https:\/\/btshub.lu\/wp-content\/uploads\/2023\/03\/2324-procedure-gp-in-iot.pdf\">ce document<\/a>.<\/p>\n<p>&nbsp;<\/p>\n<h2 class=\"Text\">Calendrier de l&#8217;inscription<\/h2>\n<p class=\"Text\">Afin de vous informer sur le calendrier de l&#8217;inscription pour l&#8217;ann\u00e9e acadm\u00e9mique prochaine, veuillez consulter le lien des <a href=\"http:\/\/iot.btshub.lu\/?page_id=17\">dates importantes<\/a><\/p>\n","protected":false},"excerpt":{"rendered":"<p>Inscription Afin de vous informer sur la proc\u00e9dure d&#8217;inscription, veuillez consulter la page inscription sur btshub.lu. La proc\u00e9dure relative \u00e0 l&#8217;examen d&#8217;admission pour la pr\u00e9sente formation BTS est d\u00e9taill\u00e9e dans ce document. &nbsp; Calendrier de l&#8217;inscription Afin de vous informer&#8230; <a class=\"direadmore\" href=\"https:\/\/iot.btshub.lu\/admissions\/\"> Continue Reading&#8230;<\/a><\/p>\n","protected":false},"author":2,"featured_media":0,"parent":0,"menu_order":0,"comment_status":"closed","ping_status":"closed","template":"","meta":{"footnotes":""},"class_list":["post-28","page","type-page","status-publish","hentry"],"_links":{"self":[{"href":"https:\/\/iot.btshub.lu\/wp-json\/wp\/v2\/pages\/28","targetHints":{"allow":["GET"]}}],"collection":[{"href":"https:\/\/iot.btshub.lu\/wp-json\/wp\/v2\/pages"}],"about":[{"href":"https:\/\/iot.btshub.lu\/wp-json\/wp\/v2\/types\/page"}],"author":[{"embeddable":true,"href":"https:\/\/iot.btshub.lu\/wp-json\/wp\/v2\/users\/2"}],"replies":[{"embeddable":true,"href":"https:\/\/iot.btshub.lu\/wp-json\/wp\/v2\/comments?post=28"}],"version-history":[{"count":11,"href":"https:\/\/iot.btshub.lu\/wp-json\/wp\/v2\/pages\/28\/revisions"}],"predecessor-version":[{"id":156,"href":"https:\/\/iot.btshub.lu\/wp-json\/wp\/v2\/pages\/28\/revisions\/156"}],"wp:attachment":[{"href":"https:\/\/iot.btshub.lu\/wp-json\/wp\/v2\/media?parent=28"}],"curies":[{"name":"wp","href":"https:\/\/api.w.org\/{rel}","templated":true}]}}