{"id":30,"date":"2020-07-20T12:19:50","date_gmt":"2020-07-20T12:19:50","guid":{"rendered":"http:\/\/iot.btshub.lu\/?page_id=30"},"modified":"2020-07-20T22:59:36","modified_gmt":"2020-07-20T21:59:36","slug":"objectifs-de-la-formation","status":"publish","type":"page","link":"https:\/\/iot.btshub.lu\/objectifs-de-la-formation\/","title":{"rendered":"Objectifs de la formation"},"content":{"rendered":"<p class=\"Text\"><span class=\"Text\">La loi du <a href=\"https:\/\/btshub.lu\/?page_id=32\">19 jui 2009<\/a> portant organisation de l&#8217;enseignement sup\u00e9rieur d\u00e9finit l&#8217;objectif du cycle d&#8217;\u00e9tudes comme: <\/span><\/p>\n<blockquote>\n<p class=\"Gray\"><em>Art. 3. Il est organis\u00e9 un cycle d\u2019\u00e9tudes d\u2019enseignement sup\u00e9rieur, \u00e0 finalit\u00e9 professionnelle, sanctionn\u00e9 par l\u2019obtention du brevet de technicien sup\u00e9rieur.<br \/>\n<\/em><\/p>\n<p class=\"Gray\"><em>Le brevet de technicien sup\u00e9rieur atteste que ses titulaires ont acquis une qualification professionnelle, qu\u2019ils sont aptes \u00e0 occuper les emplois de technicien sup\u00e9rieur dans les domaines et activit\u00e9s de leurs \u00e9tudes et qu\u2019ils sont capables de mobiliser leurs connaissances et leurs comp\u00e9tences pour se perfectionner et s\u2019adapter au cours de leur vie professionnelle.<br \/>\n<\/em><\/p>\n<p class=\"Gray\"><em>Le brevet de technicien sup\u00e9rieur est un dipl\u00f4me national; il est d\u00e9livr\u00e9 au titre d\u2019une sp\u00e9cialit\u00e9 professionnelle et apr\u00e8s des \u00e9tudes dans un des domaines suivants: les professions industrielles et commerciales, les professions de l\u2019agriculture, les m\u00e9tiers de l\u2019artisanat, les activit\u00e9s de service et de la sant\u00e9 ainsi que celles relevant des arts appliqu\u00e9s.<\/em><\/p>\n<\/blockquote>\n<p>Cet objectif est pr\u00e9cis\u00e9 pour la formation du BTS IoT comme suit:<\/p>\n<p style=\"padding-left: 30px;\">Le d\u00e9tenteur du BTS-IoT doit \u00eatre capable de rapidement comprendre les besoins de ses clients, respectivement du probl\u00e8me qui lui a \u00e9t\u00e9 pos\u00e9. A cet effet, il est capable de communiquer de mani\u00e8re efficace avec un interlocuteur sur des th\u00e8mes techniques pour recenser ses besoins.<\/p>\n<p style=\"padding-left: 30px;\">Il participe en outre \u00e0 l&#8217;\u00e9tude de la solution et r\u00e9alise tout ou une partie de la mise en \u0153uvre en tenant compte des contraintes organisationnelles et techniques de la situation. Pour y arriver il devra \u00eatre capable de r\u00e9aliser des recherches et d&#8217;acqu\u00e9rir des savoir-faire nouveaux de mani\u00e8re autonome.<\/p>\n<p style=\"padding-left: 30px;\">Il participe \u00e0 la mise en place et la configuration du syst\u00e8me \u00e9labor\u00e9. La solution peut consister en :<\/p>\n<blockquote>\n<ul style=\"padding-left: 30px;\">\n<li>la planification, la configuration et la s\u00e9curisation d&#8217;un syst\u00e8me IoT complet ou partiel,<\/li>\n<li>la planification, la construction et le d\u00e9ploiement d&#8217;une entit\u00e9 IoT,<\/li>\n<li>ainsi que l&#8217;installation, la configuration et la maintenance de syst\u00e8mes IoT.<\/li>\n<\/ul>\n<\/blockquote>\n<p style=\"padding-left: 30px;\">Il reste \u00e0 souligner que le but primaire de la formation BTS-IoT est purement professionnel. Si le but primaire de cette formation n&#8217;est pas de pr\u00e9parer \u00e0 des \u00e9tudes universitaires, elle permet cependant de se perfectionner via des formations du type \u00ab life long learning \u00bb et de faire valider leurs connaissances en passant des certifications reconnues au niveau international.<\/p>\n<p>&nbsp;<\/p>\n<p class=\"Text\">\n","protected":false},"excerpt":{"rendered":"<p>La loi du 19 jui 2009 portant organisation de l&#8217;enseignement sup\u00e9rieur d\u00e9finit l&#8217;objectif du cycle d&#8217;\u00e9tudes comme: Art. 3. Il est organis\u00e9 un cycle d\u2019\u00e9tudes d\u2019enseignement sup\u00e9rieur, \u00e0 finalit\u00e9 professionnelle, sanctionn\u00e9 par l\u2019obtention du brevet de technicien sup\u00e9rieur. Le brevet&#8230; <a class=\"direadmore\" href=\"https:\/\/iot.btshub.lu\/objectifs-de-la-formation\/\"> Continue Reading&#8230;<\/a><\/p>\n","protected":false},"author":2,"featured_media":0,"parent":0,"menu_order":0,"comment_status":"closed","ping_status":"closed","template":"","meta":{"footnotes":""},"class_list":["post-30","page","type-page","status-publish","hentry"],"_links":{"self":[{"href":"https:\/\/iot.btshub.lu\/wp-json\/wp\/v2\/pages\/30","targetHints":{"allow":["GET"]}}],"collection":[{"href":"https:\/\/iot.btshub.lu\/wp-json\/wp\/v2\/pages"}],"about":[{"href":"https:\/\/iot.btshub.lu\/wp-json\/wp\/v2\/types\/page"}],"author":[{"embeddable":true,"href":"https:\/\/iot.btshub.lu\/wp-json\/wp\/v2\/users\/2"}],"replies":[{"embeddable":true,"href":"https:\/\/iot.btshub.lu\/wp-json\/wp\/v2\/comments?post=30"}],"version-history":[{"count":2,"href":"https:\/\/iot.btshub.lu\/wp-json\/wp\/v2\/pages\/30\/revisions"}],"predecessor-version":[{"id":97,"href":"https:\/\/iot.btshub.lu\/wp-json\/wp\/v2\/pages\/30\/revisions\/97"}],"wp:attachment":[{"href":"https:\/\/iot.btshub.lu\/wp-json\/wp\/v2\/media?parent=30"}],"curies":[{"name":"wp","href":"https:\/\/api.w.org\/{rel}","templated":true}]}}