{"id":39,"date":"2020-07-20T12:25:12","date_gmt":"2020-07-20T12:25:12","guid":{"rendered":"http:\/\/iot.btshub.lu\/?page_id=39"},"modified":"2020-07-20T22:58:05","modified_gmt":"2020-07-20T21:58:05","slug":"bienvenue","status":"publish","type":"page","link":"https:\/\/iot.btshub.lu\/","title":{"rendered":"Bienvenue"},"content":{"rendered":"<p class=\"Text\">Bienvenu sur les pages du BTS Internet of Things (BTS-IoT) du LAM.<\/p>\n<div dir=\"ltr\">\n<p class=\"Text\">Cette formation de l\u2019enseignement sup\u00e9rieur, d\u2019une dur\u00e9e de deux ans, a \u00e9t\u00e9 \u00e9labor\u00e9e en concertation avec le secteur professionnel concern\u00e9, et ce afin de garantir une parfaite ad\u00e9quation entre le profil professionnel et le contenu de la formation.<\/p>\n<p class=\"Text\">Organis\u00e9 en semestres et en modules dot\u00e9s de <a href=\"https:\/\/btshub.lu\/?page_id=82\" target=\"_blank\" rel=\"noopener noreferrer\">cr\u00e9dits ECTS<\/a>, la formation BTSi inclut une p\u00e9riode de stage en milieu professionnel.<\/p>\n<p class=\"Text\">La formation <strong>a \u00e9t\u00e9 accr\u00e9dit\u00e9e le 26. juin 2018<\/strong> par un comit\u00e9 d\u2019accr\u00e9ditation externe et d\u00e9marrera donc en septembre 2018.<\/p>\n<\/div>\n","protected":false},"excerpt":{"rendered":"<p>Bienvenu sur les pages du BTS Internet of Things (BTS-IoT) du LAM. Cette formation de l\u2019enseignement sup\u00e9rieur, d\u2019une dur\u00e9e de deux ans, a \u00e9t\u00e9 \u00e9labor\u00e9e en concertation avec le secteur professionnel concern\u00e9, et ce afin de garantir une parfaite ad\u00e9quation&#8230; <a class=\"direadmore\" href=\"https:\/\/iot.btshub.lu\/\"> Continue Reading&#8230;<\/a><\/p>\n","protected":false},"author":2,"featured_media":0,"parent":0,"menu_order":0,"comment_status":"closed","ping_status":"closed","template":"","meta":{"footnotes":""},"class_list":["post-39","page","type-page","status-publish","hentry"],"_links":{"self":[{"href":"https:\/\/iot.btshub.lu\/wp-json\/wp\/v2\/pages\/39","targetHints":{"allow":["GET"]}}],"collection":[{"href":"https:\/\/iot.btshub.lu\/wp-json\/wp\/v2\/pages"}],"about":[{"href":"https:\/\/iot.btshub.lu\/wp-json\/wp\/v2\/types\/page"}],"author":[{"embeddable":true,"href":"https:\/\/iot.btshub.lu\/wp-json\/wp\/v2\/users\/2"}],"replies":[{"embeddable":true,"href":"https:\/\/iot.btshub.lu\/wp-json\/wp\/v2\/comments?post=39"}],"version-history":[{"count":2,"href":"https:\/\/iot.btshub.lu\/wp-json\/wp\/v2\/pages\/39\/revisions"}],"predecessor-version":[{"id":96,"href":"https:\/\/iot.btshub.lu\/wp-json\/wp\/v2\/pages\/39\/revisions\/96"}],"wp:attachment":[{"href":"https:\/\/iot.btshub.lu\/wp-json\/wp\/v2\/media?parent=39"}],"curies":[{"name":"wp","href":"https:\/\/api.w.org\/{rel}","templated":true}]}}