{"id":8,"date":"2020-07-20T12:05:52","date_gmt":"2020-07-20T12:05:52","guid":{"rendered":"http:\/\/iot.btshub.lu\/?page_id=8"},"modified":"2020-07-22T14:15:53","modified_gmt":"2020-07-22T13:15:53","slug":"aptutides","status":"publish","type":"page","link":"https:\/\/iot.btshub.lu\/aptutides\/","title":{"rendered":"Aptitudes"},"content":{"rendered":"<p class=\"Text\">Il est recommand\u00e9 de disposer de certaines aptitudes de base pour suivre les \u00e9tudes sous de bonnes conditions\u00a0:<\/p>\n<ul>\n<li class=\"Liste\">Connaissances de base du travail avec l\u2019ordinateur (syst\u00e8mes d\u2019exploitation courant)<\/li>\n<li class=\"Liste\">Capacit\u00e9 de raisonnement logique<\/li>\n<li class=\"Liste\">Langues<sup>1<\/sup>\u00a0:\n<ul>\n<li class=\"Liste\">Allemand<\/li>\n<li class=\"Liste\">Fran\u00e7ais<\/li>\n<li class=\"Liste\">Anglais<\/li>\n<li class=\"Liste\">(Luxembourgeois)<\/li>\n<\/ul>\n<\/li>\n<li class=\"Liste\">Profil\u00e9 d\u2019exigences pour l\u2019exercice du m\u00e9tier<sup>2<\/sup>\u00a0:\n<ul>\n<li class=\"Liste\">int\u00e9r\u00eat pour le travail sur ordinateur, int\u00e9r\u00eat pour l\u2019informatique et l&#8217;\u00e9lectrotechnique, int\u00e9r\u00eat et compr\u00e9hension technique pour la manipulation d\u2019appareils \u00e9lectroniques<\/li>\n<li class=\"Liste\">disposition \u00e0 l\u2019apprentissage, capacit\u00e9 de compr\u00e9hension, capacit\u00e9 de discernement, sens\/pouvoir d\u2019imagination<\/li>\n<li>capacit\u00e9 de concentration, exactitude et pr\u00e9cision, flexibilit\u00e9, souplesse, patience et endurance<\/li>\n<li class=\"Liste\">autonomie, fiabilit\u00e9, esprit d\u2019\u00e9quipe, aisance dans le contact humain (client\u00e8le et collaborateurs), sens de responsabilit\u00e9, pouvoir de concertation, sens de l\u2019organisation<\/li>\n<\/ul>\n<\/li>\n<\/ul>\n<p class=\"Gray\"><sup>1<\/sup> En raison de la documentation technique, la majorit\u00e9 des cours est dispens\u00e9 en fran\u00e7ais ou en anglais. Les logiciels install\u00e9s dans les salles de cours sont en anglais. La connaissance de la langue luxembourgeoise est recommand\u00e9e pour ceux qui souhaitent travailler au Grand-Duch\u00e9. En g\u00e9n\u00e9ral, pour les candidats non luxembourgeois, il est pr\u00e9conis\u00e9 de suivre des cours d\u2019approfondissement en vue d\u2019am\u00e9liorer leurs connaissances linguistiques dans toutes les langues autres que leur langue maternelle.<\/p>\n<p class=\"Gray\"><sup>2<\/sup> Un stage suivi au pr\u00e9alable dans une entreprise du secteur est utile pour se donner une id\u00e9e du m\u00e9tier ainsi que des exigences requises.<\/p>\n","protected":false},"excerpt":{"rendered":"<p>Il est recommand\u00e9 de disposer de certaines aptitudes de base pour suivre les \u00e9tudes sous de bonnes conditions\u00a0: Connaissances de base du travail avec l\u2019ordinateur (syst\u00e8mes d\u2019exploitation courant) Capacit\u00e9 de raisonnement logique Langues1\u00a0: Allemand Fran\u00e7ais Anglais (Luxembourgeois) Profil\u00e9 d\u2019exigences pour&#8230; <a class=\"direadmore\" href=\"https:\/\/iot.btshub.lu\/aptutides\/\"> Continue Reading&#8230;<\/a><\/p>\n","protected":false},"author":2,"featured_media":0,"parent":0,"menu_order":0,"comment_status":"closed","ping_status":"closed","template":"","meta":{"footnotes":""},"class_list":["post-8","page","type-page","status-publish","hentry"],"_links":{"self":[{"href":"https:\/\/iot.btshub.lu\/wp-json\/wp\/v2\/pages\/8","targetHints":{"allow":["GET"]}}],"collection":[{"href":"https:\/\/iot.btshub.lu\/wp-json\/wp\/v2\/pages"}],"about":[{"href":"https:\/\/iot.btshub.lu\/wp-json\/wp\/v2\/types\/page"}],"author":[{"embeddable":true,"href":"https:\/\/iot.btshub.lu\/wp-json\/wp\/v2\/users\/2"}],"replies":[{"embeddable":true,"href":"https:\/\/iot.btshub.lu\/wp-json\/wp\/v2\/comments?post=8"}],"version-history":[{"count":3,"href":"https:\/\/iot.btshub.lu\/wp-json\/wp\/v2\/pages\/8\/revisions"}],"predecessor-version":[{"id":102,"href":"https:\/\/iot.btshub.lu\/wp-json\/wp\/v2\/pages\/8\/revisions\/102"}],"wp:attachment":[{"href":"https:\/\/iot.btshub.lu\/wp-json\/wp\/v2\/media?parent=8"}],"curies":[{"name":"wp","href":"https:\/\/api.w.org\/{rel}","templated":true}]}}